{"id":41,"date":"2025-06-07T10:12:40","date_gmt":"2025-06-07T10:12:40","guid":{"rendered":"https:\/\/www.ahoramadrid.com\/?page_id=41"},"modified":"2025-06-22T08:28:52","modified_gmt":"2025-06-22T08:28:52","slug":"of-interest-in-madrid","status":"publish","type":"page","link":"https:\/\/www.madridactiva.es\/en\/de-interes-en-madrid\/","title":{"rendered":"Services of interest in Madrid"},"content":{"rendered":"<p>Madrid is a community of large proportions, and as such, the number of services offered and the organisations in charge of organising it are enormous. In the following sections we have collected some of these very useful services:<\/p>\n<h2><span style=\"text-decoration: underline;\"><strong>Emergency services<\/strong><\/span><\/h2>\n<p style=\"padding-left: 30px;\">Main telephone for emergencies <strong>112 . <\/strong>This telephone number attends to all the incidents that you may encounter on a daily basis in the Community of Madrid. It attends to hospital emergencies, fire brigades and the Madrid police, among many other services.<\/p>\n<h2><span style=\"text-decoration: underline;\"><strong>Official bodies<\/strong><\/span><\/h2>\n<p style=\"padding-left: 30px;\"><strong><a href=\"https:\/\/www.madrid.es\/portal\/site\/munimadrid\"> Madrid City Council<\/a>:<\/strong> All the information about the city on the city council portal.<\/p>\n<p style=\"padding-left: 30px;\"><strong><a href=\"https:\/\/www.comunidad.madrid\/\">Community of Madrid<\/a>:<\/strong> Portal of the Community of Madrid and its different departments.<\/p>\n<h2><strong><span style=\"text-decoration: underline;\">Professional services for companies and individuals<br \/>\n<\/span><\/strong><\/h2>\n<p style=\"padding-left: 30px;\"><strong><a href=\"https:\/\/www.eliasymunozabogados.com\/\">Lawyers Madrid<\/a>: <\/strong>24-hour lawyers in Madrid of the well-known law firm <strong>G.El\u00edas y Mu\u00f1oz lawyers<\/strong> specialised in different areas of law. A reference in Madrid for any consultation related to legislation, labour rights or urgent advice and defence for a trial within the Community of Madrid. A law firm you can trust to solve any legal problem. It has a main office of lawyers in Madrid and three other offices located in Majadahonda, Pozuelo de Alarc\u00f3n and Las Rozas de Madrid.<\/p>\n<p style=\"padding-left: 30px;\"><strong><a href=\"https:\/\/www.camara.es\/creacion-de-empresas\/ventanilla-unica-empresarial-punto-de-atencion-al-emprendedor\">Business One Stop Shop<\/a>:<\/strong> All company incorporation procedures in one place. Information for entrepreneurs and established companies in Madrid.<\/p>\n<h2><span style=\"text-decoration: underline;\"><strong>Transport services<\/strong><\/span><\/h2>\n<p style=\"padding-left: 30px;\"><a href=\"https:\/\/www.aena.es\/es\/adolfo-suarez-madrid-barajas.html\"><strong>Adolfo Su\u00e1rez Madrid Barajas Airport<\/strong><\/a>All the information about Adolfo Su\u00e1rez Madrid Barajas Airport on the official AENA website.<\/p>\n<p style=\"padding-left: 30px;\"><strong><a href=\"https:\/\/www.metromadrid.es\/es\">Madrid Metro<\/a>:<\/strong> Home page of this organisation that provides us with maps of the Madrid Metro, timetables, prices and a tool to calculate the best metro connections to get around the city.<\/p>\n<p style=\"padding-left: 30px;\"><a href=\"https:\/\/navegapormadrid.emtmadrid.es\/app\/\"><strong>Map of bus lines<\/strong> in Madrid<\/a>. Madrid is one of the cities that can boast the most in terms of transport services. If any point is not connected by metro, it will undoubtedly be connected by the different bus lines in the Spanish capital.<\/p>\n<h2><span style=\"text-decoration: underline;\"><strong>Activities for children<\/strong><\/span><\/h2>\n<p style=\"padding-left: 30px;\"><a href=\"https:\/\/www.madridactiva.es\/en\/urban-camps-extracurricular-activities-madrid\/\">Summer camps and urban camps in Madrid<\/a>List of companies and organisations that provide summer camps, urban camps and extracurricular activities in Madrid.<\/p>\n<p style=\"padding-left: 30px;\"><a href=\"https:\/\/www.madridactiva.es\/en\/activities-for-children-madrid\/\">Activities for children in Madrid<\/a>These are the most representative places to spend a day with the kids in Madrid.<\/p>\n<p style=\"padding-left: 30px;\">\u00a0<\/p>","protected":false},"excerpt":{"rendered":"<p>Madrid es una comunidad de grandes proporciones, y como tal, la cantidad de servicios que se ofrecen y los organismos encargados de organizarla son enormes. En los siguientes apartados hemos querido recoger algunos de estos servicios de gran utilidad: Servicios de urgencia Tel\u00e9fono principal para urgencias 112 . Este n\u00famero de tel\u00e9fono atiende todas las [&hellip;]<\/p>\n","protected":false},"author":1,"featured_media":0,"parent":0,"menu_order":0,"comment_status":"closed","ping_status":"open","template":"","meta":{"footnotes":""},"class_list":["post-41","page","type-page","status-publish","hentry"],"yoast_head":"<!-- This site is optimized with the Yoast SEO plugin v27.1.1 - https:\/\/yoast.com\/product\/yoast-seo-wordpress\/ -->\n<title>Servicios de inter\u00e9s en Madrid - AhoraMadrid.com<\/title>\n<meta name=\"robots\" content=\"index, follow, max-snippet:-1, max-image-preview:large, max-video-preview:-1\" \/>\n<link rel=\"canonical\" href=\"https:\/\/www.madridactiva.es\/en\/of-interest-in-madrid\/\" \/>\n<meta property=\"og:locale\" content=\"en_GB\" \/>\n<meta property=\"og:type\" content=\"article\" \/>\n<meta property=\"og:title\" content=\"Servicios de inter\u00e9s en Madrid - AhoraMadrid.com\" \/>\n<meta property=\"og:description\" content=\"Madrid es una comunidad de grandes proporciones, y como tal, la cantidad de servicios que se ofrecen y los organismos encargados de organizarla son enormes. En los siguientes apartados hemos querido recoger algunos de estos servicios de gran utilidad: Servicios de urgencia Tel\u00e9fono principal para urgencias 112 . Este n\u00famero de tel\u00e9fono atiende todas las [&hellip;]\" \/>\n<meta property=\"og:url\" content=\"https:\/\/www.madridactiva.es\/en\/of-interest-in-madrid\/\" \/>\n<meta property=\"og:site_name\" content=\"Gu\u00eda de Madrid, qu\u00e9 ver y hacer en Madrid - Madrid Activa\" \/>\n<meta property=\"article:modified_time\" content=\"2025-06-22T08:28:52+00:00\" \/>\n<meta name=\"twitter:label1\" content=\"Estimated reading time\" \/>\n\t<meta name=\"twitter:data1\" content=\"2 minutes\" \/>\n<script type=\"application\/ld+json\" class=\"yoast-schema-graph\">{\"@context\":\"https:\/\/schema.org\",\"@graph\":[{\"@type\":\"WebPage\",\"@id\":\"https:\/\/www.madridactiva.es\/de-interes-en-madrid\/\",\"url\":\"https:\/\/www.madridactiva.es\/de-interes-en-madrid\/\",\"name\":\"Servicios de inter\u00e9s en Madrid - AhoraMadrid.com\",\"isPartOf\":{\"@id\":\"https:\/\/www.madridactiva.es\/#website\"},\"datePublished\":\"2025-06-07T10:12:40+00:00\",\"dateModified\":\"2025-06-22T08:28:52+00:00\",\"breadcrumb\":{\"@id\":\"https:\/\/www.madridactiva.es\/de-interes-en-madrid\/#breadcrumb\"},\"inLanguage\":\"en-GB\",\"potentialAction\":[{\"@type\":\"ReadAction\",\"target\":[\"https:\/\/www.madridactiva.es\/de-interes-en-madrid\/\"]}]},{\"@type\":\"BreadcrumbList\",\"@id\":\"https:\/\/www.madridactiva.es\/de-interes-en-madrid\/#breadcrumb\",\"itemListElement\":[{\"@type\":\"ListItem\",\"position\":1,\"name\":\"Portada\",\"item\":\"https:\/\/www.madridactiva.es\/\"},{\"@type\":\"ListItem\",\"position\":2,\"name\":\"Servicios de inter\u00e9s en Madrid\"}]},{\"@type\":\"WebSite\",\"@id\":\"https:\/\/www.madridactiva.es\/#website\",\"url\":\"https:\/\/www.madridactiva.es\/\",\"name\":\"Gu\u00eda de Madrid, qu\u00e9 ver y hacer en Madrid - Madrid Activa\",\"description\":\"\",\"potentialAction\":[{\"@type\":\"SearchAction\",\"target\":{\"@type\":\"EntryPoint\",\"urlTemplate\":\"https:\/\/www.madridactiva.es\/?s={search_term_string}\"},\"query-input\":{\"@type\":\"PropertyValueSpecification\",\"valueRequired\":true,\"valueName\":\"search_term_string\"}}],\"inLanguage\":\"en-GB\"}]}<\/script>\n<!-- \/ Yoast SEO plugin. -->","yoast_head_json":{"title":"Services of interest in Madrid - AhoraMadrid.com","robots":{"index":"index","follow":"follow","max-snippet":"max-snippet:-1","max-image-preview":"max-image-preview:large","max-video-preview":"max-video-preview:-1"},"canonical":"https:\/\/www.madridactiva.es\/en\/of-interest-in-madrid\/","og_locale":"en_GB","og_type":"article","og_title":"Servicios de inter\u00e9s en Madrid - AhoraMadrid.com","og_description":"Madrid es una comunidad de grandes proporciones, y como tal, la cantidad de servicios que se ofrecen y los organismos encargados de organizarla son enormes. En los siguientes apartados hemos querido recoger algunos de estos servicios de gran utilidad: Servicios de urgencia Tel\u00e9fono principal para urgencias 112 . Este n\u00famero de tel\u00e9fono atiende todas las [&hellip;]","og_url":"https:\/\/www.madridactiva.es\/en\/of-interest-in-madrid\/","og_site_name":"Gu\u00eda de Madrid, qu\u00e9 ver y hacer en Madrid - Madrid Activa","article_modified_time":"2025-06-22T08:28:52+00:00","twitter_misc":{"Estimated reading time":"2 minutes"},"schema":{"@context":"https:\/\/schema.org","@graph":[{"@type":"WebPage","@id":"https:\/\/www.madridactiva.es\/de-interes-en-madrid\/","url":"https:\/\/www.madridactiva.es\/de-interes-en-madrid\/","name":"Services of interest in Madrid - AhoraMadrid.com","isPartOf":{"@id":"https:\/\/www.madridactiva.es\/#website"},"datePublished":"2025-06-07T10:12:40+00:00","dateModified":"2025-06-22T08:28:52+00:00","breadcrumb":{"@id":"https:\/\/www.madridactiva.es\/de-interes-en-madrid\/#breadcrumb"},"inLanguage":"en-GB","potentialAction":[{"@type":"ReadAction","target":["https:\/\/www.madridactiva.es\/de-interes-en-madrid\/"]}]},{"@type":"BreadcrumbList","@id":"https:\/\/www.madridactiva.es\/de-interes-en-madrid\/#breadcrumb","itemListElement":[{"@type":"ListItem","position":1,"name":"Portada","item":"https:\/\/www.madridactiva.es\/"},{"@type":"ListItem","position":2,"name":"Servicios de inter\u00e9s en Madrid"}]},{"@type":"WebSite","@id":"https:\/\/www.madridactiva.es\/#website","url":"https:\/\/www.madridactiva.es\/","name":"Guide to Madrid, what to see and do in Madrid - Madrid Activa","description":"","potentialAction":[{"@type":"SearchAction","target":{"@type":"EntryPoint","urlTemplate":"https:\/\/www.madridactiva.es\/?s={search_term_string}"},"query-input":{"@type":"PropertyValueSpecification","valueRequired":true,"valueName":"search_term_string"}}],"inLanguage":"en-GB"}]}},"_links":{"self":[{"href":"https:\/\/www.madridactiva.es\/en\/wp-json\/wp\/v2\/pages\/41","targetHints":{"allow":["GET"]}}],"collection":[{"href":"https:\/\/www.madridactiva.es\/en\/wp-json\/wp\/v2\/pages"}],"about":[{"href":"https:\/\/www.madridactiva.es\/en\/wp-json\/wp\/v2\/types\/page"}],"author":[{"embeddable":true,"href":"https:\/\/www.madridactiva.es\/en\/wp-json\/wp\/v2\/users\/1"}],"replies":[{"embeddable":true,"href":"https:\/\/www.madridactiva.es\/en\/wp-json\/wp\/v2\/comments?post=41"}],"version-history":[{"count":0,"href":"https:\/\/www.madridactiva.es\/en\/wp-json\/wp\/v2\/pages\/41\/revisions"}],"wp:attachment":[{"href":"https:\/\/www.madridactiva.es\/en\/wp-json\/wp\/v2\/media?parent=41"}],"curies":[{"name":"wp","href":"https:\/\/api.w.org\/{rel}","templated":true}]}}