{"id":1692,"date":"2020-04-05T19:20:05","date_gmt":"2020-04-05T19:20:05","guid":{"rendered":"https:\/\/www.ahoramadrid.com\/?page_id=1692"},"modified":"2025-10-12T10:15:31","modified_gmt":"2025-10-12T10:15:31","slug":"privacy-policy","status":"publish","type":"page","link":"https:\/\/www.madridactiva.es\/en\/politica-de-privacidad\/","title":{"rendered":"Privacy policy"},"content":{"rendered":"<h1>Privacy policy<\/h1>\n<p>This Policy is intended to provide you with all necessary information about what personal information we collect and use when you access this website, how you can control its use, and describes our policies in relation to information collected on this domain as well as through our social media marketing activities.<\/p>\n<p>In the case of children under 16 years of age, the consent of their parents or guardians is required for the processing of their personal data.<\/p>\n<p>Under no circumstances shall data concerning the professional or financial situation or the privacy of other family members be collected from the minor without their consent.<\/p>\n<p>This website respects and takes care of the personal data of its users. As a user you should know that your rights are guaranteed.<\/p>\n<p>We have strived to create a safe and secure space and therefore we want to share our principles regarding your privacy:<\/p>\n<ul>\n<li>We never ask for personal information unless it is really necessary to provide you with the services you require.<\/li>\n<li>We never share personal information about our users with anyone, except to comply with the law or with your express permission.<\/li>\n<li>We will never use your personal data for any purpose other than that set out in this privacy policy.<\/li>\n<\/ul>\n<p>It should be noted that this Privacy Policy may vary depending on legislative or self-regulatory requirements, so users are advised to visit it periodically. It will be applicable in the event that users decide to fill in any of its contact forms where personal data is collected.<\/p>\n<p><strong>MADRIDACTIVA.ES<\/strong>\u00a0has adapted this website to the requirements of Regulation (EU) 2016\/679 of the European Parliament and of the Council of 27 April 2016 on the protection of natural persons (GDPR) in order to offer maximum guarantees to all our users, customers and subscribers, inside and outside the European Union.<\/p>\n<h2>Responsible for the processing of your personal data<\/h2>\n<ul>\n<li><strong>Identity of the Person Responsible:\u00a0<\/strong>GEDESPRO S.L.U.<\/li>\n<li><strong>Commercial name: MADRIDACTIVA.ES<\/strong><\/li>\n<li><strong>NIF\/CIF:\u00a0<\/strong>B83719625<\/li>\n<li><strong>Address:\u00a0<\/strong>Bergant\u00edn, 13. 3\u00b0 A. 28220 Majadahonda (MADRID)<\/li>\n<li><strong>E-mail:\u00a0<\/strong>info@gedespro.es<\/li>\n<li><strong>Activity:\u00a0<\/strong>Corporate website offering our web design and positioning services.<\/li>\n<li><strong>Registered in the Commercial Register\u00a0<\/strong>of Majadahonda, in volume 19108, book 0, folio 45) and page M334246 , on 02-01-2013<\/li>\n<\/ul>\n<p>For the purposes of the provisions of the aforementioned General Data Protection Regulation, the personal data that you send us through the forms on the website will be treated as \u201cWebsite users and subscribers\u201d data.<\/p>\n<p>For the processing of our users' data, we implement all the technical and organisational security measures established by current legislation.<\/p>\n<h2>Principles we will apply to your personal information<\/h2>\n<p>In processing your personal data, we will apply the following principles that comply with the requirements of the new European data protection regulation:<\/p>\n<ul>\n<li><strong>Principle of legality, fairness and transparency:<\/strong>We will always require your consent to the processing of your personal data for one or more specific purposes, which we will inform you about in advance in full transparency.<\/li>\n<li><strong>Principle of data minimisation:<\/strong>We will only request data that is strictly necessary in relation to the purposes for which we require it. As little as possible.<\/li>\n<li><strong>Principle of limitation of the retention period:<\/strong>data will be kept for no longer than is necessary for the purposes of processing, depending on the purpose, we will inform you of the relevant retention period, in the case of subscriptions, we will periodically review our lists and delete those records that have been inactive for a considerable time.<\/li>\n<li><strong>Principle of integrity and confidentiality:<\/strong>Your data will be treated in a way that ensures adequate security of personal data and guarantees confidentiality. You should be aware that we take all necessary precautions to prevent unauthorised access or misuse of our users' data by third parties.<\/li>\n<\/ul>\n<h2>How did we obtain your data?<\/h2>\n<p>The personal data we process in <strong>MADRIDACTIVA.ES <\/strong>come from:<\/p>\n<ul>\n<li>Contact form<\/li>\n<li>Subscription form<\/li>\n<li>Web browsing<\/li>\n<\/ul>\n<h2>What are your rights when you provide us with your data?<\/h2>\n<p>Any person has the right to obtain confirmation as to whether or not in <strong>MADRIDACTIVA.ES<\/strong>\u00a0we are processing personal data concerning me, or not.<\/p>\n<p>Interested persons have the right to:<\/p>\n<ul>\n<li>Requesting access to personal data relating to the data subject<\/li>\n<li>Request rectification or deletion<\/li>\n<li>Request the restriction of their processing<\/li>\n<li>Oppose treatment<\/li>\n<li>Request data portability<\/li>\n<\/ul>\n<p>Interested parties may\u00a0<strong>access<\/strong>\u00a0to their personal data, as well as to request the\u00a0<strong>rectification<\/strong>\u00a0of the inaccurate data or, where appropriate, to request that it be deleted.\u00a0<strong>deletion<\/strong>\u00a0when, among other reasons, the data are no longer necessary for the purposes for which they were collected. In certain circumstances, data subjects may request the\u00a0<strong>limitation<\/strong>\u00a0We will only retain your data for the purpose of pursuing or defending claims.<\/p>\n<p>In certain circumstances and for reasons relating to their particular situation, the persons concerned may be able to\u00a0<strong>object<\/strong>\u00a0to the processing of your data. GEDESPRO S.L.U. shall cease to process the data, except for compelling legitimate reasons, or the exercise or defence of possible claims. As a data subject, you have the right to receive the personal data concerning you that you have provided in a structured, commonly used and machine-readable format, and to transmit it to another data controller when:<\/p>\n<ul>\n<li>Processing is based on consent<\/li>\n<li>The data have been provided by the person concerned.<\/li>\n<li>The processing is carried out by automated means.<\/li>\n<\/ul>\n<p>When exercising your right to data portability, you have the right to have personal data transmitted directly from data controller to data controller where technically possible.<\/p>\n<p>Data subjects also have the right to effective judicial protection and the right to lodge a complaint with the supervisory authority, in this case the Spanish Data Protection Agency, if they consider that the processing of personal data concerning them is in breach of the Regulation.<\/p>\n<p>You can exercise your rights of access, rectification, restriction and deletion of data at\u00a0<strong>info@gedespro.es<\/strong>\u00a0as well as the right to lodge a complaint with a supervisory authority.<\/p>\n<h2>For what purposes do we process your personal data?<\/h2>\n<p>In AS POSICIONAMIENTO WEB there are different systems for capturing personal information and we process the information provided by the interested parties for the following purposes:<\/p>\n<ul>\n<li><strong>Contact form:<\/strong>We ask for the following personal data: Name, Email, in order to respond to the requests of the users of <strong>MADRIDACTIVA.ES<\/strong>. For example, we may use this data to respond to your request and to respond to any doubts, complaints, comments or concerns you may have regarding the information included on the website, the services provided through the website, the processing of your personal data, questions concerning the legal texts included on the website, as well as any other queries you may have. We inform you that the data you provide will be located on the servers of:\n<ul>\n<li>Profesional Hosting (provider of GEDESPRO S.L.U.), is located within the EU.<\/li>\n<\/ul>\n<\/li>\n<li><strong>Content subscription form:<\/strong>In this case, we request the following personal data: Name, Email, to manage the subscription list, send newsletters, promotions and special offers, provided by the user when subscribing. There are several forms on the website to activate the subscription. We inform you that the data you provide will be located on the servers of:\n<ul>\n<li>Mairelay (supplier of GEDESPRO S.L.U.), is located within the EU.<\/li>\n<\/ul>\n<\/li>\n<\/ul>\n<p>There are other purposes for which we process your personal data:<\/p>\n<ul>\n<li>To ensure compliance with the terms of use and applicable law. This may include the development of tools and algorithms that help this website to ensure the confidentiality of the personal data it collects.<\/li>\n<li>To support and improve the services offered by this website.<\/li>\n<li>Other non-identifying data is also collected and obtained through some cookies that are downloaded to the user's computer when browsing this website, which are detailed in the cookies policy.<\/li>\n<li>To manage social networks. <strong>MADRIDACTIVA.ES<\/strong> may have a presence on social networks. The processing of data carried out on persons who become followers on the social networks of the official pages of <strong>MADRIDACTIVA.ES<\/strong>, shall be governed by this section. As well as those conditions of use, privacy policies and access regulations belonging to the social network that apply in each case and previously accepted by the user of GEDESPRO S.L.U. It will treat your data for the purposes of properly administering its presence in the social network, informing of activities, products or services of GEDESPRO S.L.U. <strong>MADRIDACTIVA.ES<\/strong>. As well as for any other purpose that the regulations of the social networks allow. Under no circumstances will we use the profiles of followers in social networks to send advertising individually.<\/li>\n<\/ul>\n<p>In accordance with the provisions of the European General Data Protection Regulation (GDPR) 2016\/679, GEDESPRO S.L.U. (<strong>MADRIDACTIVA.ES<\/strong>) with address at Bergant\u00edn, 13. 3\u00b0 A. 28220 Majadahonda (MADRID), MADRID, 28220 will be responsible for the processing of data corresponding to web users and subscribers.<\/p>\n<p><strong>MADRIDACTIVA.ES<\/strong>, does not sell, rent or transfer personal data that may identify the user, nor will it do so in the future, to third parties without prior consent. However, in some cases, collaborations with other professionals may be carried out, in which case users will be asked for their consent, informing them of the identity of the collaborator and the purpose of the collaboration. This will always be carried out with the strictest security standards.<\/p>\n<h2>Legitimation for the processing of your data<\/h2>\n<p>The legal basis for the processing of your data is:<strong>\u00a0consent.<br \/>\n<\/strong><br \/>\nContacting or commenting on this website requires consent to this privacy policy.<\/p>\n<p>The prospective or commercial offer of products and services is based on the consent requested from you, without the withdrawal of this consent in any case conditioning the execution of the subscription contract.<\/p>\n<h2>Data category<\/h2>\n<p>The categories of data processed are identification data.<\/p>\n<p>No specially protected categories of data are processed.<\/p>\n<h2>How long will we keep your data?<\/h2>\n<p><strong>The personal data provided will be retained:<\/strong><\/p>\n<ul>\n<li>Until such time as deletion is requested by the data subject.<\/li>\n<\/ul>\n<h2>Access to personal data on behalf of third parties and Cookies To which recipients will your data be communicated?<\/h2>\n<p>Many of the tools we use to manage your data are contracted out to third parties.<\/p>\n<p>To provide services strictly necessary for the development of the activity, <strong>MADRIDACTIVA.ES<\/strong>, shares data with the following providers under their corresponding privacy conditions:<\/p>\n<p><strong>Google Analytics:<\/strong> a web analytics service provided by Google, Inc., a Delaware company headquartered at 1600 Amphitheatre Parkway, Mountain View (California), CA 94043, United States (\u201cGoogle\u201d). Google Analytics uses \u201ccookies\u201d, which are text files placed on your computer, to help the website analyze how users use the site. <strong>MADRIDACTIVA.ES<\/strong> to analyse how users use the website. The information that the cookie generates about your use of the <strong>MADRIDACTIVA.ES<\/strong> (including your IP address) will be directly transmitted to and stored by Google on servers in the United States.<\/p>\n<p><strong>Google Adsense:<\/strong><\/p>\n<p>Google, as a third party vendor, uses cookies to serve ads on this website. Users may opt out of the use of the DART cookie by visiting the Google ad and accessing the content network's privacy policy. <a href=\"https:\/\/www.google.com\/intl\/es\/policies\/privacy\/\">https:\/\/www.google.com\/intl\/es\/policies\/privacy\/<\/a>\u00a0.Google uses advertising partners to serve ads when you visit our website. These companies may use the information they collect from your visits to this and other websites (not including your name, address, email address or telephone number) to provide you with advertisements about products and services of interest to you. \u00a0<strong>By using this website you consent to the processing of data about you by Google in the manner and for the purposes set out above.<\/strong><\/p>\n<p><strong>For more information about the use of cookies and information collection practices and user acceptance or refusal procedures, please see our:\u00a0<a href=\"https:\/\/www.madridactiva.es\/en\/cookie-policy\/\"><u>COOKIES POLICY<\/u><\/a>.<\/strong><\/p>\n<p><strong>Hosting:<\/strong>\u00a0Soluciones Web On Line, S.L., domiciled in the EU. More information at: https:\/\/www.profesionalhosting.com\/ (Soluciones Web On Line, S.L.). Soluciones Web On Line, S.L. processes the data for the purpose of providing hosting services to GEDESPRO S.L.U.<\/p>\n<p><strong>Email marketing:<\/strong>\u00a0CPC Servicios Inform\u00e1ticos Aplicados a Nuevas Tecnolog\u00edas, S.L., domiciled in Spain. More information at: https:\/\/mailrelay.com\/es (CPC Servicios Inform\u00e1ticos Aplicados a Nuevas Tecnolog\u00edas, S.L.). CPC Servicios Inform\u00e1ticos Aplicados a Nuevas Tecnolog\u00edas, S.L. processes the data for the purpose of providing email marketing services to GEDESPRO S.L.U.<\/p>\n<h2><strong>Conflict resolution<\/strong><\/h2>\n<p>If you have any complaints regarding our compliance with this privacy policy, you should contact us in the first instance. We will investigate and attempt to resolve complaints and disputes regarding our use and disclosure of personal information in accordance with this policy.<\/p>\n<p><strong>\u00a0<\/strong><strong>Navigation<\/strong><\/p>\n<p>When browsing through <strong>MADRIDACTIVA.ES<\/strong> non-identifiable data may be collected, which may include, IP addresses, geographic location (approximately), a record of how services and sites are used, and other data that cannot be used to identify the user. Non-identifiable data also includes data related to your browsing habits through third party services. This website does not use third-party analysis services.<\/p>\n<h2>Secrecy and data security<\/h2>\n<p><strong>MADRIDACTIVA.ES<\/strong> undertakes to use and process users' personal data, respecting their confidentiality and to use them in accordance with their purpose, as well as to comply with its obligation to store them and adapt all measures to prevent their alteration, loss, processing or unauthorised access, in accordance with the provisions of current data protection legislation.<\/p>\n<p>This website includes an SSL certificate. This is a security protocol that makes your data travel in an integral and secure way, that is, the transmission of data between a server and a web user, and in feedback, is fully encrypted or encrypted.<\/p>\n<p><strong>MADRIDACTIVA.ES <\/strong>cannot guarantee the absolute impregnability of the Internet network and therefore the violation of data through fraudulent access by third parties.<\/p>\n<p>With regard to the confidentiality of the processing, GEDESPRO S.L.U. shall ensure that any person authorised by <strong>MADRIDACTIVA.ES<\/strong> to process customer data (including its staff, partners and service providers), shall be under an appropriate obligation of confidentiality (whether a contractual or legal duty).<\/p>\n<p>In the event of a security incident, upon realisation of the incident <strong>MADRIDACTIVA.ES<\/strong>, shall notify the Customer without undue delay and shall provide timely information related to the Security Incident as it becomes known or when reasonably requested by the Customer.<\/p>\n<h2>Accuracy and veracity of the data<\/h2>\n<p>As a user, you are solely responsible for the veracity and correctness of the data you send to <strong>MADRIDACTIVA.ES<\/strong> Exonerating GEDESPRO S.L.U. (<strong>MADRIDACTIVA.ES<\/strong>), from any liability in this respect.<\/p>\n<p>Users guarantee and are responsible, in any case, for the accuracy, validity and authenticity of the personal data provided, and undertake to keep them duly updated. The user agrees to provide complete and correct information in the contact or subscription form.<\/p>\n<h2>Acceptance and consent<\/h2>\n<p>The user declares to have been informed of the conditions on personal data protection, accepting and consenting to the processing of such data by GEDESPRO S.L.U. (<strong>MADRIDACTIVA.ES<\/strong>) in the manner and for the purposes set out in this privacy policy.<\/p>\n<h2>Revocability<\/h2>\n<p>The consent given, both for the processing and for the transfer of the data of the interested parties, may be revoked at any time by communicating it to GEDESPRO S.L.U. (AS POSICIONAMIENTO WEB) under the terms established in this Policy for the exercise of ARCO rights. This revocation shall in no case be retroactive.<\/p>\n<h2>Changes to the privacy policy<\/h2>\n<p>GEDESPRO S.L.U. reserves the right to modify this policy to adapt it to new legislation or jurisprudence, as well as industry practices. In such cases, GEDESPRO S.L.U. will announce on this page the changes introduced reasonably in advance of their implementation.<\/p>\n<h2>Commercial mail<\/h2>\n<p>In accordance with the LSSICE, <strong>MADRIDACTIVA.ES<\/strong> does not engage in SPAM practices, and therefore does not send commercial e-mails by electronic means that have not been previously requested or authorised by the user. Consequently, in each of the forms on the website, the user has the possibility of giving their express consent to receive the newsletter, regardless of the commercial information requested from time to time.<\/p>\n<p>In accordance with the provisions of Law 34\/2002 on Information Society Services and Electronic Commerce, <strong>MADRIDACTIVA.ES<\/strong> undertakes not to send communications of a commercial nature without properly identifying them.<\/p>","protected":false},"excerpt":{"rendered":"<p>Pol\u00edtica de privacidad Esta Pol\u00edtica tiene la finalidad de ofrecerte toda la informaci\u00f3n necesaria sobre qu\u00e9 tipo de informaci\u00f3n personal recopilamos y utilizamos cuando accedes a esta web, c\u00f3mo puedes controlar su uso, y describe nuestras pol\u00edticas en relaci\u00f3n con la informaci\u00f3n recopilada en este dominio, as\u00ed como a trav\u00e9s de nuestras actividades de marketing [&hellip;]<\/p>\n","protected":false},"author":1,"featured_media":0,"parent":0,"menu_order":0,"comment_status":"closed","ping_status":"closed","template":"","meta":{"footnotes":""},"class_list":["post-1692","page","type-page","status-publish","hentry"],"yoast_head":"<!-- This site is optimized with the Yoast SEO plugin v27.1.1 - https:\/\/yoast.com\/product\/yoast-seo-wordpress\/ -->\n<title>Pol\u00edtica de privacidad<\/title>\n<meta name=\"robots\" content=\"noindex, follow\" \/>\n<meta property=\"og:locale\" content=\"en_GB\" \/>\n<meta property=\"og:type\" content=\"article\" \/>\n<meta property=\"og:title\" content=\"Pol\u00edtica de privacidad\" \/>\n<meta property=\"og:description\" content=\"Pol\u00edtica de privacidad Esta Pol\u00edtica tiene la finalidad de ofrecerte toda la informaci\u00f3n necesaria sobre qu\u00e9 tipo de informaci\u00f3n personal recopilamos y utilizamos cuando accedes a esta web, c\u00f3mo puedes controlar su uso, y describe nuestras pol\u00edticas en relaci\u00f3n con la informaci\u00f3n recopilada en este dominio, as\u00ed como a trav\u00e9s de nuestras actividades de marketing [&hellip;]\" \/>\n<meta property=\"og:url\" content=\"https:\/\/www.madridactiva.es\/en\/privacy-policy\/\" \/>\n<meta property=\"og:site_name\" content=\"Gu\u00eda de Madrid, qu\u00e9 ver y hacer en Madrid - Madrid Activa\" \/>\n<meta property=\"article:modified_time\" content=\"2025-10-12T10:15:31+00:00\" \/>\n<meta name=\"twitter:label1\" content=\"Estimated reading time\" \/>\n\t<meta name=\"twitter:data1\" content=\"13 minutes\" \/>\n<script type=\"application\/ld+json\" class=\"yoast-schema-graph\">{\"@context\":\"https:\/\/schema.org\",\"@graph\":[{\"@type\":\"WebPage\",\"@id\":\"https:\/\/www.madridactiva.es\/politica-de-privacidad\/\",\"url\":\"https:\/\/www.madridactiva.es\/politica-de-privacidad\/\",\"name\":\"Pol\u00edtica de privacidad\",\"isPartOf\":{\"@id\":\"https:\/\/www.madridactiva.es\/#website\"},\"datePublished\":\"2020-04-05T19:20:05+00:00\",\"dateModified\":\"2025-10-12T10:15:31+00:00\",\"breadcrumb\":{\"@id\":\"https:\/\/www.madridactiva.es\/politica-de-privacidad\/#breadcrumb\"},\"inLanguage\":\"en-GB\",\"potentialAction\":[{\"@type\":\"ReadAction\",\"target\":[\"https:\/\/www.madridactiva.es\/politica-de-privacidad\/\"]}]},{\"@type\":\"BreadcrumbList\",\"@id\":\"https:\/\/www.madridactiva.es\/politica-de-privacidad\/#breadcrumb\",\"itemListElement\":[{\"@type\":\"ListItem\",\"position\":1,\"name\":\"Portada\",\"item\":\"https:\/\/www.madridactiva.es\/\"},{\"@type\":\"ListItem\",\"position\":2,\"name\":\"Pol\u00edtica de privacidad\"}]},{\"@type\":\"WebSite\",\"@id\":\"https:\/\/www.madridactiva.es\/#website\",\"url\":\"https:\/\/www.madridactiva.es\/\",\"name\":\"Gu\u00eda de Madrid, qu\u00e9 ver y hacer en Madrid - Madrid Activa\",\"description\":\"\",\"potentialAction\":[{\"@type\":\"SearchAction\",\"target\":{\"@type\":\"EntryPoint\",\"urlTemplate\":\"https:\/\/www.madridactiva.es\/?s={search_term_string}\"},\"query-input\":{\"@type\":\"PropertyValueSpecification\",\"valueRequired\":true,\"valueName\":\"search_term_string\"}}],\"inLanguage\":\"en-GB\"}]}<\/script>\n<!-- \/ Yoast SEO plugin. -->","yoast_head_json":{"title":"Privacy policy","robots":{"index":"noindex","follow":"follow"},"og_locale":"en_GB","og_type":"article","og_title":"Pol\u00edtica de privacidad","og_description":"Pol\u00edtica de privacidad Esta Pol\u00edtica tiene la finalidad de ofrecerte toda la informaci\u00f3n necesaria sobre qu\u00e9 tipo de informaci\u00f3n personal recopilamos y utilizamos cuando accedes a esta web, c\u00f3mo puedes controlar su uso, y describe nuestras pol\u00edticas en relaci\u00f3n con la informaci\u00f3n recopilada en este dominio, as\u00ed como a trav\u00e9s de nuestras actividades de marketing [&hellip;]","og_url":"https:\/\/www.madridactiva.es\/en\/privacy-policy\/","og_site_name":"Gu\u00eda de Madrid, qu\u00e9 ver y hacer en Madrid - Madrid Activa","article_modified_time":"2025-10-12T10:15:31+00:00","twitter_misc":{"Estimated reading time":"13 minutes"},"schema":{"@context":"https:\/\/schema.org","@graph":[{"@type":"WebPage","@id":"https:\/\/www.madridactiva.es\/politica-de-privacidad\/","url":"https:\/\/www.madridactiva.es\/politica-de-privacidad\/","name":"Privacy policy","isPartOf":{"@id":"https:\/\/www.madridactiva.es\/#website"},"datePublished":"2020-04-05T19:20:05+00:00","dateModified":"2025-10-12T10:15:31+00:00","breadcrumb":{"@id":"https:\/\/www.madridactiva.es\/politica-de-privacidad\/#breadcrumb"},"inLanguage":"en-GB","potentialAction":[{"@type":"ReadAction","target":["https:\/\/www.madridactiva.es\/politica-de-privacidad\/"]}]},{"@type":"BreadcrumbList","@id":"https:\/\/www.madridactiva.es\/politica-de-privacidad\/#breadcrumb","itemListElement":[{"@type":"ListItem","position":1,"name":"Portada","item":"https:\/\/www.madridactiva.es\/"},{"@type":"ListItem","position":2,"name":"Pol\u00edtica de privacidad"}]},{"@type":"WebSite","@id":"https:\/\/www.madridactiva.es\/#website","url":"https:\/\/www.madridactiva.es\/","name":"Guide to Madrid, what to see and do in Madrid - Madrid Activa","description":"","potentialAction":[{"@type":"SearchAction","target":{"@type":"EntryPoint","urlTemplate":"https:\/\/www.madridactiva.es\/?s={search_term_string}"},"query-input":{"@type":"PropertyValueSpecification","valueRequired":true,"valueName":"search_term_string"}}],"inLanguage":"en-GB"}]}},"_links":{"self":[{"href":"https:\/\/www.madridactiva.es\/en\/wp-json\/wp\/v2\/pages\/1692","targetHints":{"allow":["GET"]}}],"collection":[{"href":"https:\/\/www.madridactiva.es\/en\/wp-json\/wp\/v2\/pages"}],"about":[{"href":"https:\/\/www.madridactiva.es\/en\/wp-json\/wp\/v2\/types\/page"}],"author":[{"embeddable":true,"href":"https:\/\/www.madridactiva.es\/en\/wp-json\/wp\/v2\/users\/1"}],"replies":[{"embeddable":true,"href":"https:\/\/www.madridactiva.es\/en\/wp-json\/wp\/v2\/comments?post=1692"}],"version-history":[{"count":0,"href":"https:\/\/www.madridactiva.es\/en\/wp-json\/wp\/v2\/pages\/1692\/revisions"}],"wp:attachment":[{"href":"https:\/\/www.madridactiva.es\/en\/wp-json\/wp\/v2\/media?parent=1692"}],"curies":[{"name":"wp","href":"https:\/\/api.w.org\/{rel}","templated":true}]}}