{"id":1686,"date":"2020-04-05T19:09:57","date_gmt":"2020-04-05T19:09:57","guid":{"rendered":"https:\/\/www.ahoramadrid.com\/?page_id=1686"},"modified":"2025-10-12T10:12:54","modified_gmt":"2025-10-12T10:12:54","slug":"cookie-policy","status":"publish","type":"page","link":"https:\/\/www.madridactiva.es\/en\/politica-de-cookies\/","title":{"rendered":"Cookie Policy"},"content":{"rendered":"<h1>Cookies policy<\/h1>\n<p>We collect and use information on this website in accordance with our privacy policy. One of the ways in which we collect information is through the use of technology called \u201ccookies\u201d. At MADRIDACTIVA.ES, we use cookies for several things.<\/p>\n<h2>What is a cookie?<\/h2>\n<p>A \u201ccookie\u201d is a small amount of text that is stored in your browser (such as Google's Chrome or Apple's Safari) when you browse most websites.<\/p>\n<h2>What is NOT a cookie?<\/h2>\n<p>It is not a virus, Trojan, worm, spam, spyware or pop-up.<\/p>\n<h2>What information does a cookie store?<\/h2>\n<p>Cookies do not usually store sensitive information about you, such as credit card or bank details, photographs or personal information, etc. The data they store are of a technical nature, statistics, personal preferences, personalisation of content, etc.<\/p>\n<p>The web server does not associate you as a person but your web browser. In fact, if you usually browse with the Chrome browser and try browsing the same website with the Firefox browser, you will see that the website does not realise that you are the same person because it is actually associating the information with the browser, not the person.<\/p>\n<h2>What types of cookies are there?<\/h2>\n<ul>\n<li><strong>Technical cookies:<\/strong>They are the most elementary and allow, among other things, to know when a human or an automated application is browsing, when an anonymous and a registered user is browsing, basic tasks for the functioning of any dynamic website.<\/li>\n<li><strong>Analysis cookies:<\/strong>They collect information on the type of browsing you are doing, the sections you use most, products consulted, time of day you use them, language, etc.<\/li>\n<li><strong>Advertising cookies:<\/strong>They display advertisements based on your browsing habits, country of origin, language, etc.<\/li>\n<\/ul>\n<h2>Cookies accepted by the regulation and excepted cookies<\/h2>\n<p><strong>\u00a0<\/strong>According to the EU directive, cookies that require the informed consent of the user are the cookies of<strong>\u00a0analytics, advertising and affiliation,<\/strong>\u00a0except for those of a technical nature and those necessary for the operation of the website or the provision of services expressly requested by the user.<\/p>\n<h2>What cookies does this website use?<\/h2>\n<p>This website uses its own and third party cookies. The following cookies are used on this website and are detailed below:<\/p>\n<h3>Own cookies:<\/h3>\n<p><strong>Login:<\/strong> Login cookies allow you to log in and log out of your MADRIDACTIVA.ES account.<\/p>\n<p><strong>Personalisation:<\/strong>\u00a0Cookies help us to remember which people or websites you have interacted with, so that we can show you related content.<\/p>\n<p><strong>Preferences:<\/strong>\u00a0Cookies allow us to remember your settings and preferences, such as your preferred language and privacy settings.<\/p>\n<p><strong>Security:<\/strong> We use cookies to avoid security risks. Mainly to detect when someone is trying to hack your MADRIDACTIVA.ES account.<\/p>\n<h3>Third-party cookies:<\/h3>\n<p><strong>Analytical:<\/strong><\/p>\n<p>This website uses analysis services, specifically,\u00a0<strong>Google Analytics<\/strong>\u00a0to help the website analyse the use made by users of the website and improve its usability, but in no case are they associated with data that could identify the user. Google Analytics is a web analytics service provided by Google Inc.\u00a0<u><a href=\"https:\/\/www.google.es\/intl\/es\/policies\/technologies\/types\/\">here<\/a><\/u>\u00a0the type of cookies used by Google.<\/p>\n<p>As an Internet user, you may at any time proceed to delete the information regarding your browsing habits, and the related profile that has generated the aforementioned habits, by accessing directly and free of charge at:<a href=\"https:\/\/www.google.com\/settings\/ads\/preferences?hl=es\">\u00a0https:\/\/www.google.com\/settings\/ads\/preferences?hl=es<\/a>. If a user disables this feature, the unique DoubleClick cookie ID in the user's browser is overwritten with the \u201cOPT_OUT\u201d phase. Because a unique cookie ID no longer exists, the disabled cookie cannot be associated with a particular browser.<\/p>\n<p><strong>Social media cookies:<\/strong><\/p>\n<p>They may be stored in your browser while you browse MADRIDACTIVA.ES, for example, when you use the MADRIDACTIVA.ES content sharing button on a social network.<\/p>\n<p>Below you have information about the cookies of the social networks used by this website in their own cookie policies:<\/p>\n<ul>\n<li>Cookies from\u00a0<strong>Facebook<\/strong>, For more information, see their\u00a0<u><a href=\"https:\/\/www.facebook.com\/policies\/cookies\/\">cookies policy<\/a><\/u><\/li>\n<li>Cookies from<strong>\u00a0Twitter<\/strong>for more information, please see their\u00a0<u><a href=\"https:\/\/twitter.com\/es\/privacy\">policy<\/a><\/u>\u00a0cookie policy<\/li>\n<li>Cookies from\u00a0<strong>Pinterest<\/strong>for more information, please see their<u><a href=\"https:\/\/policy.pinterest.com\/es\/cookies\">\u00a0cookies policy<\/a><\/u><\/li>\n<li>Cookies from\u00a0<strong>Google Plus<\/strong>for more information, please see their<u><a href=\"https:\/\/policies.google.com\/technologies\/cookies?hl=es\">\u00a0cookies policy<\/a><\/u><\/li>\n<li>Cookies from\u00a0<strong>YouTube<\/strong>, For more information, see their\u00a0<u><a href=\"https:\/\/www.youtube.com\/static?template=terms&amp;hl=es&amp;gl=ES\">cookies policy<\/a><\/u><\/li>\n<\/ul>\n<h2>Can cookies be deleted?<\/h2>\n<p>Yes, and not only delete, but also block, either generally or for a specific domain.<\/p>\n<p>To delete cookies from a website, you must go to your browser settings and there you can search for the cookies associated with the domain in question and delete them.<\/p>\n<ul>\n<li>Cookie settings for\u00a0<a href=\"http:\/\/support.google.com\/chrome\/bin\/answer.py?hl=es&amp;answer=95647\">Google Chrome<\/a><\/li>\n<li>Cookie settings for\u00a0<a href=\"https:\/\/support.apple.com\/es-es\/HT201265\">Apple Safari<\/a><\/li>\n<li>Cookie settings for\u00a0<a href=\"https:\/\/support.microsoft.com\/en-us\/help\/17442\/windows-internet-explorer-delete-manage-cookies#ie=ie-10\">Internet Explorer<\/a><\/li>\n<li>Cookie settings for\u00a0<a href=\"https:\/\/support.mozilla.org\/es\/kb\/habilitar-y-deshabilitar-cookies-sitios-web-rastrear-preferencias?redirectlocale=es&amp;redirectslug=habilitar-y-deshabilitar-cookies-que-los-sitios-we\">Mozilla Firefox<\/a><\/li>\n<\/ul>\n<h2>Acceptance of cookies<\/h2>\n<p>If the user continues browsing after having been informed about our Cookies Policy, we understand that he\/she accepts the use of cookies.<\/p>\n<p>When accessing this website or application for the first time, you will see a warning informing you of the use of cookies and where you can consult this cookie policy. If the user consents to the use of cookies, continues browsing or clicks on any link, it will be understood that they have consented to our cookies policy and, therefore, to the installation of cookies on their computer or device.<\/p>\n<p>In addition to the use of our own cookies, we allow third parties to set and access cookies on your computer. Your consent to the use of cookies from these companies is linked to your browsing of this website.<strong>\u00a0<\/strong><\/p>\n<h2>More information about cookies<\/h2>\n<p>You can consult the regulation on cookies published by the Spanish Data Protection Agency in its \u201c...\".\u201c<u><a href=\"https:\/\/www.agpd.es\/portalwebAGPD\/canaldocumentacion\/publicaciones\/common\/Guias\/Guia_Cookies.pdf\">Guidance on the use of cookies<\/a><\/u>\u201dand find out more about cookies on the Internet,\u00a0<a href=\"http:\/\/www.aboutcookies.org\/\">http:\/\/www.aboutcookies.org\/<\/a><\/p>\n<p>If you wish to have greater control over the installation of cookies, you can install programmes or add-ons to your browser, known as \u201cDo Not Track\u201d tools, which will allow you to choose which cookies you wish to allow.<\/p>","protected":false},"excerpt":{"rendered":"<p>Pol\u00edtica de cookies En esta web recopilamos y utilizamos la informaci\u00f3n seg\u00fan indicamos en nuestra pol\u00edtica de privacidad. Una de las formas en las que recopilamos informaci\u00f3n es a trav\u00e9s del uso de la tecnolog\u00eda llamada \u201ccookies\u201d. En MADRIDACTIVA.ES, utilizamos cookies para varias cosas. \u00bfQu\u00e9 es una cookie? Una \u201ccookie\u201d es una peque\u00f1a cantidad de [&hellip;]<\/p>\n","protected":false},"author":1,"featured_media":0,"parent":0,"menu_order":0,"comment_status":"closed","ping_status":"closed","template":"","meta":{"footnotes":""},"class_list":["post-1686","page","type-page","status-publish","hentry"],"yoast_head":"<!-- This site is optimized with the Yoast SEO plugin v27.1.1 - https:\/\/yoast.com\/product\/yoast-seo-wordpress\/ -->\n<title>Pol\u00edtica de Cookies<\/title>\n<meta name=\"robots\" content=\"noindex, follow\" \/>\n<meta property=\"og:locale\" content=\"en_GB\" \/>\n<meta property=\"og:type\" content=\"article\" \/>\n<meta property=\"og:title\" content=\"Pol\u00edtica de Cookies\" \/>\n<meta property=\"og:description\" content=\"Pol\u00edtica de cookies En esta web recopilamos y utilizamos la informaci\u00f3n seg\u00fan indicamos en nuestra pol\u00edtica de privacidad. Una de las formas en las que recopilamos informaci\u00f3n es a trav\u00e9s del uso de la tecnolog\u00eda llamada \u201ccookies\u201d. En MADRIDACTIVA.ES, utilizamos cookies para varias cosas. \u00bfQu\u00e9 es una cookie? Una \u201ccookie\u201d es una peque\u00f1a cantidad de [&hellip;]\" \/>\n<meta property=\"og:url\" content=\"https:\/\/www.madridactiva.es\/en\/cookie-policy\/\" \/>\n<meta property=\"og:site_name\" content=\"Gu\u00eda de Madrid, qu\u00e9 ver y hacer en Madrid - Madrid Activa\" \/>\n<meta property=\"article:modified_time\" content=\"2025-10-12T10:12:54+00:00\" \/>\n<meta name=\"twitter:label1\" content=\"Estimated reading time\" \/>\n\t<meta name=\"twitter:data1\" content=\"5 minutes\" \/>\n<script type=\"application\/ld+json\" class=\"yoast-schema-graph\">{\"@context\":\"https:\/\/schema.org\",\"@graph\":[{\"@type\":\"WebPage\",\"@id\":\"https:\/\/www.madridactiva.es\/politica-de-cookies\/\",\"url\":\"https:\/\/www.madridactiva.es\/politica-de-cookies\/\",\"name\":\"Pol\u00edtica de Cookies\",\"isPartOf\":{\"@id\":\"https:\/\/www.madridactiva.es\/#website\"},\"datePublished\":\"2020-04-05T19:09:57+00:00\",\"dateModified\":\"2025-10-12T10:12:54+00:00\",\"breadcrumb\":{\"@id\":\"https:\/\/www.madridactiva.es\/politica-de-cookies\/#breadcrumb\"},\"inLanguage\":\"en-GB\",\"potentialAction\":[{\"@type\":\"ReadAction\",\"target\":[\"https:\/\/www.madridactiva.es\/politica-de-cookies\/\"]}]},{\"@type\":\"BreadcrumbList\",\"@id\":\"https:\/\/www.madridactiva.es\/politica-de-cookies\/#breadcrumb\",\"itemListElement\":[{\"@type\":\"ListItem\",\"position\":1,\"name\":\"Portada\",\"item\":\"https:\/\/www.madridactiva.es\/\"},{\"@type\":\"ListItem\",\"position\":2,\"name\":\"Pol\u00edtica de Cookies\"}]},{\"@type\":\"WebSite\",\"@id\":\"https:\/\/www.madridactiva.es\/#website\",\"url\":\"https:\/\/www.madridactiva.es\/\",\"name\":\"Gu\u00eda de Madrid, qu\u00e9 ver y hacer en Madrid - Madrid Activa\",\"description\":\"\",\"potentialAction\":[{\"@type\":\"SearchAction\",\"target\":{\"@type\":\"EntryPoint\",\"urlTemplate\":\"https:\/\/www.madridactiva.es\/?s={search_term_string}\"},\"query-input\":{\"@type\":\"PropertyValueSpecification\",\"valueRequired\":true,\"valueName\":\"search_term_string\"}}],\"inLanguage\":\"en-GB\"}]}<\/script>\n<!-- \/ Yoast SEO plugin. -->","yoast_head_json":{"title":"Cookie Policy","robots":{"index":"noindex","follow":"follow"},"og_locale":"en_GB","og_type":"article","og_title":"Pol\u00edtica de Cookies","og_description":"Pol\u00edtica de cookies En esta web recopilamos y utilizamos la informaci\u00f3n seg\u00fan indicamos en nuestra pol\u00edtica de privacidad. Una de las formas en las que recopilamos informaci\u00f3n es a trav\u00e9s del uso de la tecnolog\u00eda llamada \u201ccookies\u201d. En MADRIDACTIVA.ES, utilizamos cookies para varias cosas. \u00bfQu\u00e9 es una cookie? Una \u201ccookie\u201d es una peque\u00f1a cantidad de [&hellip;]","og_url":"https:\/\/www.madridactiva.es\/en\/cookie-policy\/","og_site_name":"Gu\u00eda de Madrid, qu\u00e9 ver y hacer en Madrid - Madrid Activa","article_modified_time":"2025-10-12T10:12:54+00:00","twitter_misc":{"Estimated reading time":"5 minutes"},"schema":{"@context":"https:\/\/schema.org","@graph":[{"@type":"WebPage","@id":"https:\/\/www.madridactiva.es\/politica-de-cookies\/","url":"https:\/\/www.madridactiva.es\/politica-de-cookies\/","name":"Cookie Policy","isPartOf":{"@id":"https:\/\/www.madridactiva.es\/#website"},"datePublished":"2020-04-05T19:09:57+00:00","dateModified":"2025-10-12T10:12:54+00:00","breadcrumb":{"@id":"https:\/\/www.madridactiva.es\/politica-de-cookies\/#breadcrumb"},"inLanguage":"en-GB","potentialAction":[{"@type":"ReadAction","target":["https:\/\/www.madridactiva.es\/politica-de-cookies\/"]}]},{"@type":"BreadcrumbList","@id":"https:\/\/www.madridactiva.es\/politica-de-cookies\/#breadcrumb","itemListElement":[{"@type":"ListItem","position":1,"name":"Portada","item":"https:\/\/www.madridactiva.es\/"},{"@type":"ListItem","position":2,"name":"Pol\u00edtica de Cookies"}]},{"@type":"WebSite","@id":"https:\/\/www.madridactiva.es\/#website","url":"https:\/\/www.madridactiva.es\/","name":"Guide to Madrid, what to see and do in Madrid - Madrid Activa","description":"","potentialAction":[{"@type":"SearchAction","target":{"@type":"EntryPoint","urlTemplate":"https:\/\/www.madridactiva.es\/?s={search_term_string}"},"query-input":{"@type":"PropertyValueSpecification","valueRequired":true,"valueName":"search_term_string"}}],"inLanguage":"en-GB"}]}},"_links":{"self":[{"href":"https:\/\/www.madridactiva.es\/en\/wp-json\/wp\/v2\/pages\/1686","targetHints":{"allow":["GET"]}}],"collection":[{"href":"https:\/\/www.madridactiva.es\/en\/wp-json\/wp\/v2\/pages"}],"about":[{"href":"https:\/\/www.madridactiva.es\/en\/wp-json\/wp\/v2\/types\/page"}],"author":[{"embeddable":true,"href":"https:\/\/www.madridactiva.es\/en\/wp-json\/wp\/v2\/users\/1"}],"replies":[{"embeddable":true,"href":"https:\/\/www.madridactiva.es\/en\/wp-json\/wp\/v2\/comments?post=1686"}],"version-history":[{"count":0,"href":"https:\/\/www.madridactiva.es\/en\/wp-json\/wp\/v2\/pages\/1686\/revisions"}],"wp:attachment":[{"href":"https:\/\/www.madridactiva.es\/en\/wp-json\/wp\/v2\/media?parent=1686"}],"curies":[{"name":"wp","href":"https:\/\/api.w.org\/{rel}","templated":true}]}}